{"id":25356,"date":"2021-04-20T14:18:38","date_gmt":"2021-04-20T11:18:38","guid":{"rendered":"https:\/\/www.radiogaga.ro\/impresszum\/"},"modified":"2023-01-18T10:38:58","modified_gmt":"2023-01-18T08:38:58","slug":"impresszum","status":"publish","type":"page","link":"https:\/\/www.radiogaga.ro\/ro\/impresszum\/","title":{"rendered":"Redac\u021bia"},"content":{"rendered":"<div class=\"wpb-content-wrapper\"><p>[vc_row][vc_column icons_position=&#8221;left&#8221;][vc_column_text]<\/p>\n<h1 class=\"p1\">Redac\u021bie<\/h1>\n<p><strong>S.C. Alamo Impex 97 S.R.L.,<\/strong> produc\u0103tor exclusiv al programelor Radio GaGa<br \/>\n<strong>Administrator:<\/strong> Hompot Szil\u00e1rd Istv\u00e1n<br \/>\n<strong>Adresa po\u0219tal\u0103:<\/strong> T\u00e2rgu Mure\u0219, str. Calara\u0219ilor nr.1, Etaj 1, jud.: Mure\u0219.<br \/>\n<strong>Num\u0103r de \u00eenregistrare al companiei:<\/strong> J26\/403\/1999<br \/>\n<strong>COD FISCAL:<\/strong> RO9603323<\/p>\n<p><strong>Director de program:<\/strong> Ill\u00e9s M\u00e1rton<\/p>\n<p><strong>Adresa de e-mail:<\/strong> office@radiogaga.ro<br \/>\n<strong>Num\u0103r de telefon:<\/strong> +40265250179<br \/>\n<strong>Web:<\/strong> www.radiogaga.ro<\/p>\n<p><strong>Frekven\u021be (MHz):<\/strong> T\u00e2rgu Mure\u0219: 88,0; Reghin: 94,7; Sighi\u0219oara: 104,3; Sovata: 102,0;&nbsp; Odorheiu-Secuiesc: 87,9; Sf\u00e2ntu Gheorghe: 88,7 ; Covasna: 107,2; Baraolt: 90,5; T\u00e2rgu Secuiesc: 88,0; Gheorgheni: 91,2;&nbsp; Izvoru Mure\u0219ului: 103,9, MIercurea Ciuc 93,9.<\/p>\n<p><strong>Actionari:<\/strong> MMTK Nonprofit Kft 55.0259 %, Asociatia pentru Spatiul Media Transilvan 44.9741%<\/p>\n<p><strong>Site-ul oficial al Consiliului Na\u021bional al Audiovizualului:<\/strong> www.cna.ro<br \/>\n<strong>E-mail:<\/strong> cna@cna.ro Tel.: +40(0)21 305 53 50<br \/>\n<strong>Fax:<\/strong> +40(0)21 305 53 54\/56<\/p>\n<p><strong>Radio Gaga<\/strong>: Valori editoriale \u0219i Cod profesional<\/p>\n<p><strong>Radio Gaga<\/strong> este un post de radio privat cu acoperire teritorial\u0103 \u0219i cu o audien\u021b\u0103 zilnic\u0103 de aproape 350 de mii de ascult\u0103tori.<\/p>\n<p>Programele noastre, fie c\u0103 sunt produse jurnalistice, fie c\u0103 sunt emisiuni de divertisment, urm\u0103resc s\u0103 reflecte adev\u0103rul, s\u0103 ofere o perspectiv\u0103 complet\u0103 \u0219i echilibrat\u0103 asupra faptelor relatate, s\u0103 aduc\u0103 \u00een prim plan subiecte de interes public \u0219i s\u0103 trateze ascult\u0103torii cu respect.<\/p>\n<p>Drept urmare, impar\u021bialitatea, acurate\u021bea \u0219i corectitudinea sunt obiectivele noastre cheie.<\/p>\n<p><strong>IMPAR\u021aIALITATEA<\/strong><\/p>\n<p>Programele trebuie s\u0103 reflecte diversitatea preocup\u0103rilor \u0219i a valorilor pe care le au ascult\u0103torii. Postul nostru de radio are deplina libertate s\u0103 ia abordeze orice tem\u0103 de interes public, reflect\u00e2nd c\u00e2t mai multe puncte de vedere.<\/p>\n<p>Impar\u021bialitatea nu \u00eenseamn\u0103 neap\u0103rat un echilibru matematic \u2013 o p\u0103rere \u201epro\u201d contrabalansat\u0103 de una \u201ccontra\u201d -, \u00eens\u0103 pornim de la ideea c\u0103 orice subiect abordat \u00een programele noastre poate avea cel pu\u021bin dou\u0103 interpret\u0103ri.<\/p>\n<p>Temele controversate impun o abordare echilibrat\u0103 \u0219i corect\u0103, indiferent de tipul programului \u00een care ele apar. Buletinele de \u0219tiri \u0219i jurnalele, \u00eendeosebi, trebuie s\u0103 fie nep\u0103rtinitoare \u0219i s\u0103 ia \u00een considerare nevoia ascult\u0103torilor de a-\u0219i forma propriile opinii asupra faptelor relatate.<\/p>\n<p>Realizatorii de programe \u0219i colaboratorii contacta\u021bi de Radio Gaga au libertatea de a-\u0219i exprima \u0219i argumenta punctual de vedere, iar acesta trebuie eviden\u021biat ca atare.<\/p>\n<p>Mai mult, trebuie s\u0103 respect\u0103m o serie de alte reguli \u00een aceast\u0103 privin\u021b\u0103:<\/p>\n<p>\u2013 e nevoie ca ascult\u0103torii s\u0103 fie preveni\u021bi de la bun \u00eenceput c\u0103 opiniile difuzate nu reprezint\u0103 unica variant\u0103 a evenimentelor despre care se vorbe\u0219te;<\/p>\n<p>\u2013 p\u0103rerile contrare nu sunt neglijate, minimalizate ori ridiculizate;<\/p>\n<p>\u2013 oricine dore\u0219te s\u0103 nuan\u021beze ori s\u0103 contrazic\u0103 o variant\u0103 a evenimentelor \u00een care este implicat\/\u0103 trebuie s\u0103 aib\u0103 posibilitatea s\u0103 o fac\u0103, mai ales atunci c\u00e2nd este vorba de acuza\u021bii de incompeten\u021b\u0103, neglijen\u021b\u0103 ori de comiterea unor posibile infrac\u021biuni.<\/p>\n<p><strong>ACURATE\u021aEA<\/strong><\/p>\n<p>Realizatorii de programe, reporterii \u0219i redactorii <strong>Radio Gaga<\/strong> trebuie s\u0103 se documenteze temeinic, s\u0103 verifice \u0219tirile din mai multe surse \u0219i s\u0103 cear\u0103 \u2013 acolo unde este cazul \u2013 sfatul departamentului juridic.<\/p>\n<p>Ori de c\u00e2te ori este posibil, informa\u021biile trebuie s\u0103 fie str\u00e2nse direct de la surs\u0103 ori lu\u00e2nd leg\u0103tura cu cei implica\u021bi \u00eentr-un eveniment ori cu cei care au asistat la el.<\/p>\n<p>Distinc\u021bia dintre sursele primare \u0219i cele secundare este esen\u021bial\u0103. Mai mult, contactarea unei surse nu \u00eenseamn\u0103 c\u0103 faptele, detaliile \u0219i datele relatate de ea nu mai trebuie s\u0103 fie verificate.<\/p>\n<p>Depe\u0219ele agen\u021biilor de pres\u0103 \u0219i relat\u0103rile altor institu\u021bii media impun verificarea informa\u021biilor de c\u0103tre un reporter sau corespondent <strong>Radio Gaga<\/strong>. \u00cen cazul \u00een care acest lucru nu e posibil, subiectul trebuie s\u0103 fie abordat cu maximum de pruden\u021b\u0103 \u0219i, \u00een cazul difuz\u0103rii, men\u021bionarea sursei este obligatorie.<\/p>\n<p>Dac\u0103 vreo eroare factual\u0103 ajunge s\u0103 fie difuzat\u0103, corectarea ei se impune \u00een regim de urgen\u021b\u0103. A recunoa\u0219te o gre\u0219eal\u0103 \u0219i a explica de ce s-a f\u0103cut ea sunt pa\u0219ii care pot s\u0103 pre\u00eent\u00e2mpine acuza\u021biile de p\u0103rtinire la adresa postului de radio.<\/p>\n<p>\u00cen cazul unor suspiciuni privind def\u0103imarea unor persoane sau institu\u021bii, dezmin\u021birea trebuie s\u0103 fie redactat\u0103 \u00een colaborare cu departamentul juridic.<\/p>\n<p>Tot din respect pentru acurate\u021be, limbajul folosit trebuie s\u0103 fie adecvat, lipsit de exager\u0103ri \u0219i de judec\u0103\u021bi de valoare. Exprimarea corect\u0103, decent\u0103 \u0219i \u00eengrijit\u0103 este obligatorie.<\/p>\n<p><strong>CORECTITUDINEA<\/strong><\/p>\n<p>Toate programele <strong>Radio Gaga<\/strong> se bazeaz\u0103 pe corectitudine, transparen\u021b\u0103 \u0219i onestitate. A\u0219tept\u0103rile realizatorilor, ale colaboratorilor \u0219i ale publicului sunt importante \u00een egal\u0103 m\u0103sur\u0103. Oricine apare \u00eentr-unul dintre programele de \u0219tiri ori de divertisment va fi tratat corect \u0219i cu respect.<\/p>\n<p>Natura \u0219i durata programelor pentru care solicit\u0103m punctual de vedere al unei persoane trebuie s\u0103 fie limpezi de la bun \u00eenceput. Fie c\u0103 este vorba de persoane publice sau de cet\u0103\u021beni obi\u0219nui\u021bi, colaboratorii nu vor fi indu\u0219i \u00een eroare sau p\u0103c\u0103li\u021bi s\u0103 participe la vreo emisiune.<\/p>\n<p>Excep\u0163ie fac anchetele jurnalistice \u00een care dezv\u0103luirea realit\u0103\u021bii implic\u0103 folosirea mijloacelor specific jurnalismului de investiga\u021bie, dar \u0219i atunci trebuie solicitat ulterior punctul de vedere al persoanei implicate.<\/p>\n<p>Colaboratorii au dreptul s\u0103 \u015ftie:<\/p>\n<p>\u2013 care este tema programului \u00een care urmeaz\u0103 s\u0103 apar\u0103;<\/p>\n<p>\u2013 ce fel de contribu\u021bie a\u0219tept\u0103m din partea lor: un comentariu, un interviu sau o interven\u021bie \u00eentr-o dezbatere mai ampl\u0103. \u00cen acest caz (\u0219i \u00een m\u0103sura posibilit\u0103\u021bilor), ei trebuie s\u0103 \u0219tie care le vor fi partenerii de discu\u021bie;<\/p>\n<p>\u2013 dac\u0103 interven\u021bia va fi una \u00een direct sau \u00eenregistrat\u0103 \u0219i dac\u0103 ea va fi sau nu editat\u0103. Nu putem garanta c\u0103 ea va fi difuzat\u0103, dar nu e de dorit s\u0103 \u00eenregistr\u0103m o conversa\u021bie \u00eendelungat\u0103 dac\u0103 nu avem de g\u00e2nd s\u0103 o folosim.<\/p>\n<p>A\u0219tept\u0103m din partea colaboratorilor s\u0103 fie one\u0219ti.<\/p>\n<p>Documentarea trebuie s\u0103 fie riguroas\u0103 \u0219i s\u0103 ne permit\u0103 s\u0103-i evit\u0103m pe cei care urm\u0103resc s\u0103 \u00een\u0219ele publicul. Faptele despre care relateaz\u0103 colaboratorii trebuie s\u0103 fie verificate din mai multe surse \u2013 de preferat, din alte surse dec\u00e2t cele sugerate de cel intervievat.<\/p>\n<p><strong>REFUZUL DE A PARTICIPA LA EMISIUNI<\/strong><\/p>\n<p>Refuzul cuiva de a lua parte \u00eentr-unul dintre programele noastre nu pune cap\u0103t emisiunii. Oricine are dreptul s\u0103 resping\u0103 o astfel de solicitare, caz \u00een care absen\u021ba unui colaborator sau a altuia trebuie s\u0103 fie explicat\u0103.<\/p>\n<p>Produc\u0103torul \u0219i prezentatorul emisiunii sunt obliga\u021bi s\u0103 informeze ascult\u0103torii \u00een leg\u0103tur\u0103 cu opiniile persoanei contactate asupra temei aflate \u00een dezbatere.<\/p>\n<p>Unii intervieva\u021bi vor \u00eencerca s\u0103 \u00eei intimideze pe realizatorii de programe ori pe reporterii care i-au contactat, fie \u00eenainte, fie dup\u0103 difuzarea programului. Cei care \u0219i-au tratat corect colaboratorii sunt \u00eendrept\u0103\u021bi\u021bi s\u0103 le r\u0103spund\u0103 cu fermitate, iar&nbsp; Radio Gaga \u00eei va sus\u021bine.<\/p>\n<p>Nici o persoan\u0103 care a acceptat de bun\u0103voie s\u0103 ia parte la o emisiune nu poate opri difuzarea contribu\u021biei sale. \u00cen cazurile \u00een care obiec\u021biile sunt, \u00eens\u0103, \u00eentemeiate, ele trebuie s\u0103 fie analizate atent.<\/p>\n<p>Toate programele <strong>Radio Gaga<\/strong> trebuie s\u0103 respecte diversitatea etnic\u0103, religioas\u0103 \u0219i cultural\u0103 a locuitorilor Rom\u00e2niei \u0219i s\u0103 evite stereotipurile la adresa grupurilor sociale. Respect\u0103m, de asemenea, dreptul la via\u021ba privat\u0103 \u0219i normele convie\u021buirii civilizate.<\/p>\n<p>Ascult\u0103torii trebuie s\u0103 \u0219tie c\u0103 temele abordate sunt alese strict din ra\u021biuni editoriale, av\u00e2nd ca principal\u0103 preocupare interesul public, \u0219i nu \u00een urma unor presiuni financiare, politice sau de alt\u0103 natur\u0103.[\/vc_column_text][\/vc_column][\/vc_row]<\/p>\n<\/div>","protected":false},"excerpt":{"rendered":"<p>[vc_row][vc_column icons_position=&#8221;left&#8221;][vc_column_text] Redac\u021bie S.C. Alamo Impex 97 S.R.L., produc\u0103tor exclusiv al programelor Radio GaGa Administrator: Hompot Szil\u00e1rd Istv\u00e1n Adresa po\u0219tal\u0103: T\u00e2rgu Mure\u0219, str. Calara\u0219ilor nr.1, Etaj 1, jud.: Mure\u0219. Num\u0103r de \u00eenregistrare al companiei: J26\/403\/1999 COD FISCAL: RO9603323 Director de program: Ill\u00e9s M\u00e1rton Adresa de e-mail: office@radiogaga.ro Num\u0103r de telefon:&hellip;<\/p>\n","protected":false},"author":990004,"featured_media":0,"parent":0,"menu_order":0,"comment_status":"closed","ping_status":"closed","template":"","meta":{"footnotes":""},"class_list":["post-25356","page","type-page","status-publish","hentry"],"_links":{"self":[{"href":"https:\/\/www.radiogaga.ro\/ro\/wp-json\/wp\/v2\/pages\/25356","targetHints":{"allow":["GET"]}}],"collection":[{"href":"https:\/\/www.radiogaga.ro\/ro\/wp-json\/wp\/v2\/pages"}],"about":[{"href":"https:\/\/www.radiogaga.ro\/ro\/wp-json\/wp\/v2\/types\/page"}],"author":[{"embeddable":true,"href":"https:\/\/www.radiogaga.ro\/ro\/wp-json\/wp\/v2\/users\/990004"}],"replies":[{"embeddable":true,"href":"https:\/\/www.radiogaga.ro\/ro\/wp-json\/wp\/v2\/comments?post=25356"}],"version-history":[{"count":7,"href":"https:\/\/www.radiogaga.ro\/ro\/wp-json\/wp\/v2\/pages\/25356\/revisions"}],"predecessor-version":[{"id":42202,"href":"https:\/\/www.radiogaga.ro\/ro\/wp-json\/wp\/v2\/pages\/25356\/revisions\/42202"}],"wp:attachment":[{"href":"https:\/\/www.radiogaga.ro\/ro\/wp-json\/wp\/v2\/media?parent=25356"}],"curies":[{"name":"wp","href":"https:\/\/api.w.org\/{rel}","templated":true}]}}