{"id":25374,"date":"2018-01-04T16:39:04","date_gmt":"2018-01-04T14:39:04","guid":{"rendered":"https:\/\/www.radiogaga.ro\/broadcasts\/"},"modified":"2023-01-11T18:18:55","modified_gmt":"2023-01-11T16:18:55","slug":"broadcasts","status":"publish","type":"page","link":"https:\/\/www.radiogaga.ro\/ro\/broadcasts\/","title":{"rendered":"Podcast \u0219i video"},"content":{"rendered":"<div class=\"wpb-content-wrapper\"><p>[vc_row][vc_column icons_position=&#8221;left&#8221;]<div class=\"friss-broadcast-after-title friss-entity-placement\" id=\"friss-908537731\"><div class=\"friss-adlabel\">Anun\u0163<\/div><div id=\"friss-1643744327\" class=\"mobil-ad\" style=\"margin-top: 5px;margin-bottom: 5px;margin-left: auto;margin-right: auto;text-align: center;\"><script async src=\"https:\/\/securepubads.g.doubleclick.net\/tag\/js\/gpt.js\"><\/script>\r\n<script>\r\n  window.googletag = window.googletag || {cmd: []};\r\n  googletag.cmd.push(function() {\r\n    googletag.defineSlot('\/21754940883\/FrissFM\/FrissFM\/\/Friss_M_300x250_podcast(Billboard)', [300, 250], 'div-gpt-ad-1578993878253-0').addService(googletag.pubads());\r\n    googletag.pubads().enableSingleRequest();\r\n    googletag.pubads().collapseEmptyDivs();\r\n    googletag.enableServices();\r\n  });\r\n<\/script>\r\n<!-- \/21754940883\/FrissFM\/FrissFM\/\/Friss_M_300x250_podcast(Billboard) -->\r\n<div id='div-gpt-ad-1578993878253-0' style='width: 300px; height: 250px; margin: 0 auto;'>\r\n  <script>\r\n    googletag.cmd.push(function() { googletag.display('div-gpt-ad-1578993878253-0'); });\r\n  <\/script>\r\n<\/div>\r\n<\/div><div id=\"friss-503569261\" class=\"desktop-ad\" style=\"margin-top: 20px;margin-bottom: 20px;margin-left: auto;margin-right: auto;text-align: center;\"><script async src=\"https:\/\/securepubads.g.doubleclick.net\/tag\/js\/gpt.js\"><\/script>\r\n<script>\r\n  window.googletag = window.googletag || {cmd: []};\r\n  googletag.cmd.push(function() {\r\n    googletag.defineSlot('\/21754940883\/FrissFM\/FrissFM\/\/Friss_D_Billboard_1150x230_970x250_podcast', [[970, 250], [1150, 230]], 'div-gpt-ad-1578991601049-0').addService(googletag.pubads());\r\n    googletag.pubads().enableSingleRequest();\r\n    googletag.pubads().collapseEmptyDivs();\r\n    googletag.enableServices();\r\n  });\r\n<\/script>\r\n<!-- \/21754940883\/FrissFM\/FrissFM\/\/Friss_D_Billboard_1150x230_970x250_podcast -->\r\n<div id='div-gpt-ad-1578991601049-0'>\r\n  <script>\r\n    googletag.cmd.push(function() { googletag.display('div-gpt-ad-1578991601049-0'); });\r\n  <\/script>\r\n<\/div><\/div><\/div>[\/vc_column][\/vc_row][vc_row][vc_column icons_position=&#8221;left&#8221;][vc_column_text]<div class=\"youtube_channel ytc_wall_1-6 responsive ytc_display_thumbnail\"><div class=\"ytc_video_container ytc_video_1 ytc_video_first ar16_9\" style=\"width:360px\"><a href=\"https:\/\/www.youtube.com\/watch?v=L4iTY_Rt0-c&amp;rel=0&amp;modestbranding=1\" class=\"ytc_thumb ytc-lightbox ar16_9\" title=\"Van, amiben mi is abszol\u00fat kezd\u0151k vagyunk: p\u00e9ld\u00e1ul sosem alap\u00edtottunk m\u00e9g nudista falut. \ud83d\ude07\" data-iframe=\"https:\/\/www.youtube.com\/embed\/L4iTY_Rt0-c?rel=0&amp;modestbranding=1\" data-title=\"Van, amiben mi is abszol\u00fat kezd\u0151k vagyunk: p\u00e9ld\u00e1ul sosem alap\u00edtottunk m\u00e9g nudista falut. \ud83d\ude07\"><span style=\"background-image: url(https:\/\/img.youtube.com\/vi\/L4iTY_Rt0-c\/maxresdefault.jpg)\" title=\"Van, amiben mi is abszol\u00fat kezd\u0151k vagyunk: p\u00e9ld\u00e1ul sosem alap\u00edtottunk m\u00e9g nudista falut. \ud83d\ude07\" id=\"ytc_L4iTY_Rt0-c\"><h4 class=\"ytc_title ytc_title_inside \">Van, amiben mi is abszol\u00fat kezd\u0151k vagyunk: p\u00e9ld\u00e1ul sosem alap\u00edtottunk m\u00e9g nudista falut. \ud83d\ude07<\/h4><\/span><\/a><\/div><!-- .ytc_video_container --><div class=\"ytc_video_container ytc_video_2 ytc_video_mid ar16_9\" style=\"width:360px\"><a href=\"https:\/\/www.youtube.com\/watch?v=6-8OHqIar5c&amp;rel=0&amp;modestbranding=1\" class=\"ytc_thumb ytc-lightbox ar16_9\" title=\"H\u00e1rmas szab\u00e1ly (2026.05.12.) \u2013 Sz\u00e9kelyf\u00f6ldi NUDISTA telep: b\u00e1tor \u00f6tlet, f\u00e1z\u00f3s kivitelez\u00e9s\" data-iframe=\"https:\/\/www.youtube.com\/embed\/6-8OHqIar5c?rel=0&amp;modestbranding=1\" data-title=\"H\u00e1rmas szab\u00e1ly (2026.05.12.) \u2013 Sz\u00e9kelyf\u00f6ldi NUDISTA telep: b\u00e1tor \u00f6tlet, f\u00e1z\u00f3s kivitelez\u00e9s\"><span style=\"background-image: url(https:\/\/img.youtube.com\/vi\/6-8OHqIar5c\/maxresdefault.jpg)\" title=\"H\u00e1rmas szab\u00e1ly (2026.05.12.) \u2013 Sz\u00e9kelyf\u00f6ldi NUDISTA telep: b\u00e1tor \u00f6tlet, f\u00e1z\u00f3s kivitelez\u00e9s\" id=\"ytc_6-8OHqIar5c\"><h4 class=\"ytc_title ytc_title_inside \">H\u00e1rmas szab\u00e1ly (2026.05.12.) \u2013 Sz\u00e9kelyf\u00f6ldi NUDISTA telep: b\u00e1tor \u00f6tlet, f\u00e1z\u00f3s kivitelez\u00e9s<\/h4><\/span><\/a><\/div><!-- .ytc_video_container --><div class=\"ytc_video_container ytc_video_3 ytc_video_mid ar16_9\" style=\"width:360px\"><a href=\"https:\/\/www.youtube.com\/watch?v=RJBZUpf3m8s&amp;rel=0&amp;modestbranding=1\" class=\"ytc_thumb ytc-lightbox ar16_9\" title=\"P\u00e1rhuzamos vil\u00e1gok a Day By Day zen\u00e9j\u00e9ben\" data-iframe=\"https:\/\/www.youtube.com\/embed\/RJBZUpf3m8s?rel=0&amp;modestbranding=1\" data-title=\"P\u00e1rhuzamos vil\u00e1gok a Day By Day zen\u00e9j\u00e9ben\"><span style=\"background-image: url(https:\/\/img.youtube.com\/vi\/RJBZUpf3m8s\/maxresdefault.jpg)\" title=\"P\u00e1rhuzamos vil\u00e1gok a Day By Day zen\u00e9j\u00e9ben\" id=\"ytc_RJBZUpf3m8s\"><h4 class=\"ytc_title ytc_title_inside \">P\u00e1rhuzamos vil\u00e1gok a Day By Day zen\u00e9j\u00e9ben<\/h4><\/span><\/a><\/div><!-- .ytc_video_container --><div class=\"ytc_video_container ytc_video_4 ytc_video_mid ar16_9\" style=\"width:360px\"><a href=\"https:\/\/www.youtube.com\/watch?v=Ymzq9CslHoQ&amp;rel=0&amp;modestbranding=1\" class=\"ytc_thumb ytc-lightbox ar16_9\" title=\"Pedig \u00e1rtatlanul indult... \ud83d\ude06\" data-iframe=\"https:\/\/www.youtube.com\/embed\/Ymzq9CslHoQ?rel=0&amp;modestbranding=1\" data-title=\"Pedig \u00e1rtatlanul indult... \ud83d\ude06\"><span style=\"background-image: url(https:\/\/img.youtube.com\/vi\/Ymzq9CslHoQ\/maxresdefault.jpg)\" title=\"Pedig \u00e1rtatlanul indult... \ud83d\ude06\" id=\"ytc_Ymzq9CslHoQ\"><h4 class=\"ytc_title ytc_title_inside \">Pedig \u00e1rtatlanul indult... \ud83d\ude06<\/h4><\/span><\/a><\/div><!-- .ytc_video_container --><div class=\"ytc_video_container ytc_video_5 ytc_video_mid ar16_9\" style=\"width:360px\"><a href=\"https:\/\/www.youtube.com\/watch?v=nuydDt5wWQ4&amp;rel=0&amp;modestbranding=1\" class=\"ytc_thumb ytc-lightbox ar16_9\" title=\"H\u00e1rmas szab\u00e1ly (2026.05.11.) \u2013 Tud\u00f3sok kutatj\u00e1k, TRI\u00d3NK pedig tov\u00e1bbgondolta: TANUL\u00c1S \u00e1lmunkban\" data-iframe=\"https:\/\/www.youtube.com\/embed\/nuydDt5wWQ4?rel=0&amp;modestbranding=1\" data-title=\"H\u00e1rmas szab\u00e1ly (2026.05.11.) \u2013 Tud\u00f3sok kutatj\u00e1k, TRI\u00d3NK pedig tov\u00e1bbgondolta: TANUL\u00c1S \u00e1lmunkban\"><span style=\"background-image: url(https:\/\/img.youtube.com\/vi\/nuydDt5wWQ4\/maxresdefault.jpg)\" title=\"H\u00e1rmas szab\u00e1ly (2026.05.11.) \u2013 Tud\u00f3sok kutatj\u00e1k, TRI\u00d3NK pedig tov\u00e1bbgondolta: TANUL\u00c1S \u00e1lmunkban\" id=\"ytc_nuydDt5wWQ4\"><h4 class=\"ytc_title ytc_title_inside \">H\u00e1rmas szab\u00e1ly (2026.05.11.) \u2013 Tud\u00f3sok kutatj\u00e1k, TRI\u00d3NK pedig tov\u00e1bbgondolta: TANUL\u00c1S \u00e1lmunkban<\/h4><\/span><\/a><\/div><!-- .ytc_video_container --><div class=\"ytc_video_container ytc_video_6 ytc_video_mid ar16_9\" style=\"width:360px\"><a href=\"https:\/\/www.youtube.com\/watch?v=Ss4s9jO0mIk&amp;rel=0&amp;modestbranding=1\" class=\"ytc_thumb ytc-lightbox ar16_9\" title=\"Tana Huba: a min\u0151s\u00e9gi h\u00fasterm\u00e9k t\u00f6rt\u00e9nete a farmon kezd\u0151dik\" data-iframe=\"https:\/\/www.youtube.com\/embed\/Ss4s9jO0mIk?rel=0&amp;modestbranding=1\" data-title=\"Tana Huba: a min\u0151s\u00e9gi h\u00fasterm\u00e9k t\u00f6rt\u00e9nete a farmon kezd\u0151dik\"><span style=\"background-image: url(https:\/\/img.youtube.com\/vi\/Ss4s9jO0mIk\/maxresdefault.jpg)\" title=\"Tana Huba: a min\u0151s\u00e9gi h\u00fasterm\u00e9k t\u00f6rt\u00e9nete a farmon kezd\u0151dik\" id=\"ytc_Ss4s9jO0mIk\"><h4 class=\"ytc_title ytc_title_inside \">Tana Huba: a min\u0151s\u00e9gi h\u00fasterm\u00e9k t\u00f6rt\u00e9nete a farmon kezd\u0151dik<\/h4><\/span><\/a><\/div><!-- .ytc_video_container --><div class=\"ytc_video_container ytc_video_7 ytc_video_mid ar16_9\" style=\"width:360px\"><a href=\"https:\/\/www.youtube.com\/watch?v=y1x6m-DqAjc&amp;rel=0&amp;modestbranding=1\" class=\"ytc_thumb ytc-lightbox ar16_9\" title=\"A v\u00e9g\u00e9re befutottak a legcukibb interj\u00faalanyok, Lengyel Adrienn \u00e9s Adelin. \ud83e\udd29\" data-iframe=\"https:\/\/www.youtube.com\/embed\/y1x6m-DqAjc?rel=0&amp;modestbranding=1\" data-title=\"A v\u00e9g\u00e9re befutottak a legcukibb interj\u00faalanyok, Lengyel Adrienn \u00e9s Adelin. \ud83e\udd29\"><span style=\"background-image: url(https:\/\/img.youtube.com\/vi\/y1x6m-DqAjc\/maxresdefault.jpg)\" title=\"A v\u00e9g\u00e9re befutottak a legcukibb interj\u00faalanyok, Lengyel Adrienn \u00e9s Adelin. \ud83e\udd29\" id=\"ytc_y1x6m-DqAjc\"><h4 class=\"ytc_title ytc_title_inside \">A v\u00e9g\u00e9re befutottak a legcukibb interj\u00faalanyok, Lengyel Adrienn \u00e9s Adelin. \ud83e\udd29<\/h4><\/span><\/a><\/div><!-- .ytc_video_container --><div class=\"ytc_video_container ytc_video_8 ytc_video_mid ar16_9\" style=\"width:360px\"><a href=\"https:\/\/www.youtube.com\/watch?v=Yqjyvr3UFhE&amp;rel=0&amp;modestbranding=1\" class=\"ytc_thumb ytc-lightbox ar16_9\" title=\"L\u00e1tt\u00e1l m\u00e1r ekkora hamburgert? \ud83d\ude32 Ezt nem el\u00e9g megk\u00f3stolni, ehhez strat\u00e9giai terv kell. \ud83c\udf54\" data-iframe=\"https:\/\/www.youtube.com\/embed\/Yqjyvr3UFhE?rel=0&amp;modestbranding=1\" data-title=\"L\u00e1tt\u00e1l m\u00e1r ekkora hamburgert? \ud83d\ude32 Ezt nem el\u00e9g megk\u00f3stolni, ehhez strat\u00e9giai terv kell. \ud83c\udf54\"><span style=\"background-image: url(https:\/\/img.youtube.com\/vi\/Yqjyvr3UFhE\/maxresdefault.jpg)\" title=\"L\u00e1tt\u00e1l m\u00e1r ekkora hamburgert? \ud83d\ude32 Ezt nem el\u00e9g megk\u00f3stolni, ehhez strat\u00e9giai terv kell. \ud83c\udf54\" id=\"ytc_Yqjyvr3UFhE\"><h4 class=\"ytc_title ytc_title_inside \">L\u00e1tt\u00e1l m\u00e1r ekkora hamburgert? \ud83d\ude32 Ezt nem el\u00e9g megk\u00f3stolni, ehhez strat\u00e9giai terv kell. \ud83c\udf54<\/h4><\/span><\/a><\/div><!-- .ytc_video_container --><div class=\"ytc_video_container ytc_video_9 ytc_video_mid ar16_9\" style=\"width:360px\"><a href=\"https:\/\/www.youtube.com\/watch?v=GRux4vCk8Fs&amp;rel=0&amp;modestbranding=1\" class=\"ytc_thumb ytc-lightbox ar16_9\" title=\"Ennyi az eg\u00e9sz: egy kis szerencse, \u00e9s m\u00e1ris k\u00e9zben az aj\u00e1nd\u00e9k! \ud83c\udf81\" data-iframe=\"https:\/\/www.youtube.com\/embed\/GRux4vCk8Fs?rel=0&amp;modestbranding=1\" data-title=\"Ennyi az eg\u00e9sz: egy kis szerencse, \u00e9s m\u00e1ris k\u00e9zben az aj\u00e1nd\u00e9k! \ud83c\udf81\"><span style=\"background-image: url(https:\/\/img.youtube.com\/vi\/GRux4vCk8Fs\/maxresdefault.jpg)\" title=\"Ennyi az eg\u00e9sz: egy kis szerencse, \u00e9s m\u00e1ris k\u00e9zben az aj\u00e1nd\u00e9k! \ud83c\udf81\" id=\"ytc_GRux4vCk8Fs\"><h4 class=\"ytc_title ytc_title_inside \">Ennyi az eg\u00e9sz: egy kis szerencse, \u00e9s m\u00e1ris k\u00e9zben az aj\u00e1nd\u00e9k! \ud83c\udf81<\/h4><\/span><\/a><\/div><!-- .ytc_video_container --><div class=\"ytc_video_container ytc_video_10 ytc_video_last ar16_9\" style=\"width:360px\"><a href=\"https:\/\/www.youtube.com\/watch?v=_u0FtxloOTY&amp;rel=0&amp;modestbranding=1\" class=\"ytc_thumb ytc-lightbox ar16_9\" title=\"Szende nemcsak m\u0171sorvezet\u0151k\u00e9nt, hanem alkalmi idegenvezet\u0151k\u00e9nt is hozza a form\u00e1j\u00e1t. \ud83d\ude01\" data-iframe=\"https:\/\/www.youtube.com\/embed\/_u0FtxloOTY?rel=0&amp;modestbranding=1\" data-title=\"Szende nemcsak m\u0171sorvezet\u0151k\u00e9nt, hanem alkalmi idegenvezet\u0151k\u00e9nt is hozza a form\u00e1j\u00e1t. \ud83d\ude01\"><span style=\"background-image: url(https:\/\/img.youtube.com\/vi\/_u0FtxloOTY\/maxresdefault.jpg)\" title=\"Szende nemcsak m\u0171sorvezet\u0151k\u00e9nt, hanem alkalmi idegenvezet\u0151k\u00e9nt is hozza a form\u00e1j\u00e1t. \ud83d\ude01\" id=\"ytc__u0FtxloOTY\"><h4 class=\"ytc_title ytc_title_inside \">Szende nemcsak m\u0171sorvezet\u0151k\u00e9nt, hanem alkalmi idegenvezet\u0151k\u00e9nt is hozza a form\u00e1j\u00e1t. \ud83d\ude01<\/h4><\/span><\/a><\/div><!-- .ytc_video_container --><\/div><!-- .youtube_channel --><div class=\"clearfix\"><\/div>[\/vc_column_text][\/vc_column][\/vc_row][vc_row disable_element=&#8221;yes&#8221;][vc_column width=&#8221;1\/2&#8243; icons_position=&#8221;left&#8221;]<div id=\"widget_audio_1197942812\" class=\"widget_area sc_widget_audio vc_widget_audio wpb_content_element  vc_custom_1575973991129\"><aside id=\"widget_audio_1197942812_widget\" class=\"widget widget_audio\"><div class=\"trx_addons_audio_wrap\">\n    <div class=\"trx_addons_audio_list\">\n\t\t                <div class=\"trx_addons_audio_player\n\t\t\t\t with_cover\"\n\t\t\t\t\t style=\"background-image:url(https:\/\/cdn.radiogaga.ro\/2019\/08\/transparent2.png);\">\n                    <div class=\"trx_addons_audio_player_wrap\">\n\t\t\t\t\t\t                            <div class=\"audio_info\">\n\t\t\t\t\t\t\t\t                                    <h5 class=\"audio_caption\">Friss Fm<\/h5>\n\t\t\t\t\t\t\t\t\t                                    <div class=\"audio_description\">Minden zene neked sz\u00f3l!<\/div>\n\t\t\t\t\t\t\t\t\t                            <\/div>\n\t\t\t\t\t\t\t                        <div class=\"audio_frame audio_local\">\n\t\t\t\t\t\t\t                                    <audio src=\"http:\/\/live.frissfm.ro:8000\/frissfm\"><\/audio>\n\t\t\t\t\t\t\t\t\t                        <\/div>\n                    <\/div>\n                <\/div>\n\t\t\t\t    <\/div>\n\t    <\/div><\/aside><\/div>[vc_empty_space height=&#8221;2rem&#8221; alter_height=&#8221;none&#8221; hide_on_desktop=&#8221;&#8221; hide_on_notebook=&#8221;&#8221; hide_on_tablet=&#8221;&#8221; hide_on_mobile=&#8221;&#8221;][vc_empty_space height=&#8221;1rem&#8221; alter_height=&#8221;none&#8221; hide_on_desktop=&#8221;&#8221; hide_on_notebook=&#8221;&#8221; hide_on_tablet=&#8221;&#8221; hide_on_mobile=&#8221;1&#8243;]<div id=\"widget_audio_2009942485\" class=\"widget_area sc_widget_audio vc_widget_audio wpb_content_element\"><aside id=\"widget_audio_2009942485_widget\" class=\"widget widget_audio\"><div class=\"trx_addons_audio_wrap\">\n    <div class=\"trx_addons_audio_list\">\n\t\t                <div class=\"trx_addons_audio_player\n\t\t\t\t without_cover\"\n\t\t\t\t\t>\n                    <div class=\"trx_addons_audio_player_wrap\">\n\t\t\t\t\t\t                            <div class=\"audio_info\">\n\t\t\t\t\t\t\t\t                                    <h6 class=\"audio_author\">radio station<\/h6>\n\t\t\t\t\t\t\t\t\t                                    <h5 class=\"audio_caption\">Life Chill Music<\/h5>\n\t\t\t\t\t\t\t\t\t                            <\/div>\n\t\t\t\t\t\t\t                        <div class=\"audio_frame audio_local\">\n\t\t\t\t\t\t\t                                    <audio src=\"http:\/\/46.105.180.202:8053\/live\"><\/audio>\n\t\t\t\t\t\t\t\t\t                        <\/div>\n                    <\/div>\n                <\/div>\n\t\t\t\t    <\/div>\n\t    <\/div><\/aside><\/div>[vc_empty_space height=&#8221;2rem&#8221; alter_height=&#8221;none&#8221; hide_on_desktop=&#8221;&#8221; hide_on_notebook=&#8221;&#8221; hide_on_tablet=&#8221;&#8221; hide_on_mobile=&#8221;&#8221;][vc_empty_space height=&#8221;1rem&#8221; alter_height=&#8221;none&#8221; hide_on_desktop=&#8221;&#8221; hide_on_notebook=&#8221;&#8221; hide_on_tablet=&#8221;&#8221; hide_on_mobile=&#8221;1&#8243;]<div id=\"widget_audio_238046324\" class=\"widget_area sc_widget_audio vc_widget_audio wpb_content_element\"><aside id=\"widget_audio_238046324_widget\" class=\"widget widget_audio\"><div class=\"trx_addons_audio_wrap\">\n    <div class=\"trx_addons_audio_list\">\n\t\t                <div class=\"trx_addons_audio_player\n\t\t\t\t without_cover\"\n\t\t\t\t\t>\n                    <div class=\"trx_addons_audio_player_wrap\">\n\t\t\t\t\t\t                            <div class=\"audio_info\">\n\t\t\t\t\t\t\t\t                                    <h6 class=\"audio_author\">radio station<\/h6>\n\t\t\t\t\t\t\t\t\t                                    <h5 class=\"audio_caption\">Lounge Radio<\/h5>\n\t\t\t\t\t\t\t\t\t                            <\/div>\n\t\t\t\t\t\t\t                        <div class=\"audio_frame audio_local\">\n\t\t\t\t\t\t\t<audio class=\"wp-audio-shortcode\" id=\"audio-25374-3\" preload=\"none\" style=\"width: 100%;\" controls=\"controls\"><source type=\"audio\/mpeg\" src=\"http:\/\/fr1.streamhosting.ch\/lounge128.mp3?_=3\" \/><a href=\"http:\/\/fr1.streamhosting.ch\/lounge128.mp3\">http:\/\/fr1.streamhosting.ch\/lounge128.mp3<\/a><\/audio>                        <\/div>\n                    <\/div>\n                <\/div>\n\t\t\t\t    <\/div>\n\t    <\/div><\/aside><\/div>[vc_empty_space height=&#8221;2rem&#8221; alter_height=&#8221;none&#8221; hide_on_desktop=&#8221;&#8221; hide_on_notebook=&#8221;&#8221; hide_on_tablet=&#8221;&#8221; hide_on_mobile=&#8221;&#8221;][vc_empty_space height=&#8221;1rem&#8221; alter_height=&#8221;none&#8221; hide_on_desktop=&#8221;&#8221; hide_on_notebook=&#8221;&#8221; hide_on_tablet=&#8221;&#8221; hide_on_mobile=&#8221;1&#8243;][\/vc_column][vc_column width=&#8221;1\/2&#8243; icons_position=&#8221;left&#8221;]<div id=\"widget_audio_1720146157\" class=\"widget_area sc_widget_audio vc_widget_audio wpb_content_element\"><aside id=\"widget_audio_1720146157_widget\" class=\"widget widget_audio\"><div class=\"trx_addons_audio_wrap\">\n    <div class=\"trx_addons_audio_list\">\n\t\t                <div class=\"trx_addons_audio_player\n\t\t\t\t without_cover\"\n\t\t\t\t\t>\n                    <div class=\"trx_addons_audio_player_wrap\">\n\t\t\t\t\t\t                            <div class=\"audio_info\">\n\t\t\t\t\t\t\t\t                                    <h6 class=\"audio_author\">radio station<\/h6>\n\t\t\t\t\t\t\t\t\t                                    <h5 class=\"audio_caption\">Fun 45s<\/h5>\n\t\t\t\t\t\t\t\t\t                            <\/div>\n\t\t\t\t\t\t\t                        <div class=\"audio_frame audio_local\">\n\t\t\t\t\t\t\t<audio class=\"wp-audio-shortcode\" id=\"audio-25374-4\" preload=\"none\" style=\"width: 100%;\" controls=\"controls\"><source type=\"audio\/mpeg\" src=\"http:\/\/173.193.205.96:7032\/;stream.mp3?_=4\" \/><a href=\"http:\/\/173.193.205.96:7032\/;stream.mp3\">http:\/\/173.193.205.96:7032\/;stream.mp3<\/a><\/audio>                        <\/div>\n                    <\/div>\n                <\/div>\n\t\t\t\t    <\/div>\n\t    <\/div><\/aside><\/div>[vc_empty_space height=&#8221;2rem&#8221; alter_height=&#8221;none&#8221; hide_on_desktop=&#8221;&#8221; hide_on_notebook=&#8221;&#8221; hide_on_tablet=&#8221;&#8221; hide_on_mobile=&#8221;&#8221;][vc_empty_space height=&#8221;1rem&#8221; alter_height=&#8221;none&#8221; hide_on_desktop=&#8221;&#8221; hide_on_notebook=&#8221;&#8221; hide_on_tablet=&#8221;&#8221; hide_on_mobile=&#8221;1&#8243;]<div id=\"widget_audio_908114677\" class=\"widget_area sc_widget_audio vc_widget_audio wpb_content_element\"><aside id=\"widget_audio_908114677_widget\" class=\"widget widget_audio\"><div class=\"trx_addons_audio_wrap\">\n    <div class=\"trx_addons_audio_list\">\n\t\t                <div class=\"trx_addons_audio_player\n\t\t\t\t without_cover\"\n\t\t\t\t\t>\n                    <div class=\"trx_addons_audio_player_wrap\">\n\t\t\t\t\t\t                            <div class=\"audio_info\">\n\t\t\t\t\t\t\t\t                                    <h6 class=\"audio_author\">radio station<\/h6>\n\t\t\t\t\t\t\t\t\t                                    <h5 class=\"audio_caption\">Smooth Jazz Florida<\/h5>\n\t\t\t\t\t\t\t\t\t                            <\/div>\n\t\t\t\t\t\t\t                        <div class=\"audio_frame audio_local\">\n\t\t\t\t\t\t\t                                    <audio src=\"https:\/\/usa6.fastcast4u.com\/proxy\/wsjfhd?mp=\/1\"><\/audio>\n\t\t\t\t\t\t\t\t\t                        <\/div>\n                    <\/div>\n                <\/div>\n\t\t\t\t    <\/div>\n\t    <\/div><\/aside><\/div>[vc_empty_space height=&#8221;2rem&#8221; alter_height=&#8221;none&#8221; hide_on_desktop=&#8221;&#8221; hide_on_notebook=&#8221;&#8221; hide_on_tablet=&#8221;&#8221; hide_on_mobile=&#8221;&#8221;][vc_empty_space height=&#8221;1rem&#8221; alter_height=&#8221;none&#8221; hide_on_desktop=&#8221;&#8221; hide_on_notebook=&#8221;&#8221; hide_on_tablet=&#8221;&#8221; hide_on_mobile=&#8221;1&#8243;]<div id=\"widget_audio_434407883\" class=\"widget_area sc_widget_audio vc_widget_audio wpb_content_element\"><aside id=\"widget_audio_434407883_widget\" class=\"widget widget_audio\"><div class=\"trx_addons_audio_wrap\">\n    <div class=\"trx_addons_audio_list\">\n\t\t                <div class=\"trx_addons_audio_player\n\t\t\t\t without_cover\"\n\t\t\t\t\t>\n                    <div class=\"trx_addons_audio_player_wrap\">\n\t\t\t\t\t\t                            <div class=\"audio_info\">\n\t\t\t\t\t\t\t\t                                    <h6 class=\"audio_author\">radio station<\/h6>\n\t\t\t\t\t\t\t\t\t                                    <h5 class=\"audio_caption\">Smooth Jazz Tampa<\/h5>\n\t\t\t\t\t\t\t\t\t                            <\/div>\n\t\t\t\t\t\t\t                        <div class=\"audio_frame audio_local\">\n\t\t\t\t\t\t\t                                    <audio src=\"https:\/\/vip2.fastcast4u.com\/proxy\/sjtampaplus?mp=\/1\"><\/audio>\n\t\t\t\t\t\t\t\t\t                        <\/div>\n                    <\/div>\n                <\/div>\n\t\t\t\t    <\/div>\n\t    <\/div><\/aside><\/div>[vc_empty_space height=&#8221;2rem&#8221; alter_height=&#8221;none&#8221; hide_on_desktop=&#8221;&#8221; hide_on_notebook=&#8221;&#8221; hide_on_tablet=&#8221;&#8221; hide_on_mobile=&#8221;&#8221;][vc_empty_space height=&#8221;1rem&#8221; alter_height=&#8221;none&#8221; hide_on_desktop=&#8221;&#8221; hide_on_notebook=&#8221;&#8221; hide_on_tablet=&#8221;&#8221; hide_on_mobile=&#8221;1&#8243;][\/vc_column][\/vc_row]<\/p>\n<\/div>","protected":false},"excerpt":{"rendered":"<p>[vc_row][vc_column icons_position=&#8221;left&#8221;][\/vc_column][\/vc_row][vc_row][vc_column icons_position=&#8221;left&#8221;][vc_column_text][\/vc_column_text][\/vc_column][\/vc_row][vc_row disable_element=&#8221;yes&#8221;][vc_column width=&#8221;1\/2&#8243; icons_position=&#8221;left&#8221;][vc_empty_space height=&#8221;2rem&#8221; alter_height=&#8221;none&#8221; hide_on_desktop=&#8221;&#8221; hide_on_notebook=&#8221;&#8221; hide_on_tablet=&#8221;&#8221; hide_on_mobile=&#8221;&#8221;][vc_empty_space height=&#8221;1rem&#8221; alter_height=&#8221;none&#8221; hide_on_desktop=&#8221;&#8221; hide_on_notebook=&#8221;&#8221; hide_on_tablet=&#8221;&#8221; hide_on_mobile=&#8221;1&#8243;][vc_empty_space height=&#8221;2rem&#8221; alter_height=&#8221;none&#8221; hide_on_desktop=&#8221;&#8221; hide_on_notebook=&#8221;&#8221; hide_on_tablet=&#8221;&#8221; hide_on_mobile=&#8221;&#8221;][vc_empty_space height=&#8221;1rem&#8221; alter_height=&#8221;none&#8221; hide_on_desktop=&#8221;&#8221; hide_on_notebook=&#8221;&#8221; hide_on_tablet=&#8221;&#8221; hide_on_mobile=&#8221;1&#8243;][vc_empty_space height=&#8221;2rem&#8221; alter_height=&#8221;none&#8221; hide_on_desktop=&#8221;&#8221; hide_on_notebook=&#8221;&#8221; hide_on_tablet=&#8221;&#8221; hide_on_mobile=&#8221;&#8221;][vc_empty_space height=&#8221;1rem&#8221; alter_height=&#8221;none&#8221; hide_on_desktop=&#8221;&#8221; hide_on_notebook=&#8221;&#8221; hide_on_tablet=&#8221;&#8221; hide_on_mobile=&#8221;1&#8243;][\/vc_column][vc_column width=&#8221;1\/2&#8243; icons_position=&#8221;left&#8221;][vc_empty_space height=&#8221;2rem&#8221; alter_height=&#8221;none&#8221; hide_on_desktop=&#8221;&#8221; hide_on_notebook=&#8221;&#8221; hide_on_tablet=&#8221;&#8221; hide_on_mobile=&#8221;&#8221;][vc_empty_space&hellip;<\/p>\n","protected":false},"author":990004,"featured_media":0,"parent":0,"menu_order":0,"comment_status":"closed","ping_status":"closed","template":"","meta":{"footnotes":""},"class_list":["post-25374","page","type-page","status-publish","hentry"],"_links":{"self":[{"href":"https:\/\/www.radiogaga.ro\/ro\/wp-json\/wp\/v2\/pages\/25374","targetHints":{"allow":["GET"]}}],"collection":[{"href":"https:\/\/www.radiogaga.ro\/ro\/wp-json\/wp\/v2\/pages"}],"about":[{"href":"https:\/\/www.radiogaga.ro\/ro\/wp-json\/wp\/v2\/types\/page"}],"author":[{"embeddable":true,"href":"https:\/\/www.radiogaga.ro\/ro\/wp-json\/wp\/v2\/users\/990004"}],"replies":[{"embeddable":true,"href":"https:\/\/www.radiogaga.ro\/ro\/wp-json\/wp\/v2\/comments?post=25374"}],"version-history":[{"count":5,"href":"https:\/\/www.radiogaga.ro\/ro\/wp-json\/wp\/v2\/pages\/25374\/revisions"}],"predecessor-version":[{"id":42096,"href":"https:\/\/www.radiogaga.ro\/ro\/wp-json\/wp\/v2\/pages\/25374\/revisions\/42096"}],"wp:attachment":[{"href":"https:\/\/www.radiogaga.ro\/ro\/wp-json\/wp\/v2\/media?parent=25374"}],"curies":[{"name":"wp","href":"https:\/\/api.w.org\/{rel}","templated":true}]}}