{"id":25441,"date":"2021-04-21T14:50:19","date_gmt":"2021-04-21T11:50:19","guid":{"rendered":"https:\/\/www.radiogaga.ro\/cookie-szabalyzat\/"},"modified":"2022-04-27T18:46:51","modified_gmt":"2022-04-27T15:46:51","slug":"cookie-szabalyzat","status":"publish","type":"page","link":"https:\/\/www.radiogaga.ro\/ro\/cookie-szabalyzat\/","title":{"rendered":"Cookie-uri"},"content":{"rendered":"<div class=\"wpb-content-wrapper\"><p>[vc_row][vc_column icons_position=&#8221;left&#8221;][vc_column_text]<\/p>\n<h1>Cookie-uri<\/h1>\n<p>Scopul cookie-urilor este: de a colecta informa\u021bii despre vizitatori \u0219i mijloacele lor; memora\u021bi set\u0103rile personalizate ale vizitatorilor care vor fi folosite pentru a oferi o experien\u021b\u0103 de calitate pentru utilizatori.<\/p>\n<p>Pentru a oferi servicii personalizate, un mic pachet de date, numit cookie, este plasat pe calculatorul utilizatorului \u0219i citit \u00eenapoi mai t\u00e2rziu, cu ocazia unei vizite ulterioare pe site. Dac\u0103 browserul returneaz\u0103 un cookie salvat anterior, furnizorul operator de cookie-uri are op\u021biunea de a lega vizita curent\u0103 a utilizatorului de cele anterioare, \u00eens\u0103 numai pentru propriul con\u021binut.<\/p>\n<p><strong>Absolut necesar, cookie-uri de sesiune<\/strong><\/p>\n<p>Scopul acestor cookie-uri este de a permite vizitatorilor s\u0103 navigheze complet \u0219i f\u0103r\u0103 probleme pe site-ul Radioului GaGa (<a href=\"http:\/\/www.radiogaga.ro\">www.radiogaga.ro<\/a>), s\u0103 utilizeze func\u021biile acestuia \u0219i serviciile disponibile pe acesta. Aceste tipuri de cookie-uri sunt valabile p\u00e2n\u0103 la sf\u00e2r\u0219itul sesiunii (navigare), aceste tipuri de cookie-uri sunt \u0219terse automat de pe calculator sau alt dispozitiv folosit pentru navigare c\u00e2nd browserul este \u00eenchis.<\/p>\n<p><strong>Cookie-uri plasate de ter\u021bi (analitic\u0103)<\/strong><\/p>\n<p>Radio GaGa folose\u0219te pe pagina sa de internet inclusiv cookie-uri de la ter\u021bi: Google Analytics, Google Tag Manager, Google AdManager, Facebook Pixelmint. Prin utilizarea Google Analytics \u00een scopuri statistice, Publisher colecteaz\u0103 informa\u021bii despre modul \u00een care vizitatorii folosesc site-ul. Utilizeaz\u0103 datele pentru a \u00eembun\u0103t\u0103\u021bi pagina web \u0219i experien\u021ba utilizatorului. Aceste cookie-uri r\u0103m\u00e2n \u0219i pe calculatorul vizitatorului sau pe alt dispozitiv de navigare, \u00een browserul acestuia sau p\u00e2n\u0103 c\u00e2nd vizitatorul le \u0219terge.<\/p>\n<p><strong>Furnizori externi de servicii analiz\u0103 web \u0219i server de publicitate <\/strong><\/p>\n<p>Editorul lucreaz\u0103 cu furnizori externi de servicii analiz\u0103 web \u0219i servere de publicitate. Ace\u0219ti furnizori externi de servicii pot accesa adresa IP a Utilizatorului \u0219i, \u00een multe cazuri, folosesc \u0219i cookie-uri sau alte contoare de clic pentru a personaliza sau analiza serviciile \u0219i pentru a compila statistici. Cookie-urile plasate de furnizorii externi de servicii pot fi \u0219terse de pe dispozitivul Utilizatorului \u00een orice moment. Furnizorii externi de servicii gestioneaz\u0103 datele cu caracter personal transmise acestora \u00een conformitate cu propriile politici de confiden\u021bialitate<\/p>\n<p>Furnizori externi de servicii analiz\u0103 web \u0219i server de publicitate: Google LLC., Facebook Inc.[\/vc_column_text][\/vc_column][\/vc_row]<\/p>\n<\/div>","protected":false},"excerpt":{"rendered":"<p>[vc_row][vc_column icons_position=&#8221;left&#8221;][vc_column_text] Cookie-uri Scopul cookie-urilor este: de a colecta informa\u021bii despre vizitatori \u0219i mijloacele lor; memora\u021bi set\u0103rile personalizate ale vizitatorilor care vor fi folosite pentru a oferi o experien\u021b\u0103 de calitate pentru utilizatori. Pentru a oferi servicii personalizate, un mic pachet de date, numit cookie, este plasat pe calculatorul utilizatorului&hellip;<\/p>\n","protected":false},"author":990004,"featured_media":0,"parent":0,"menu_order":0,"comment_status":"closed","ping_status":"closed","template":"","meta":{"footnotes":""},"class_list":["post-25441","page","type-page","status-publish","hentry"],"_links":{"self":[{"href":"https:\/\/www.radiogaga.ro\/ro\/wp-json\/wp\/v2\/pages\/25441","targetHints":{"allow":["GET"]}}],"collection":[{"href":"https:\/\/www.radiogaga.ro\/ro\/wp-json\/wp\/v2\/pages"}],"about":[{"href":"https:\/\/www.radiogaga.ro\/ro\/wp-json\/wp\/v2\/types\/page"}],"author":[{"embeddable":true,"href":"https:\/\/www.radiogaga.ro\/ro\/wp-json\/wp\/v2\/users\/990004"}],"replies":[{"embeddable":true,"href":"https:\/\/www.radiogaga.ro\/ro\/wp-json\/wp\/v2\/comments?post=25441"}],"version-history":[{"count":2,"href":"https:\/\/www.radiogaga.ro\/ro\/wp-json\/wp\/v2\/pages\/25441\/revisions"}],"predecessor-version":[{"id":25447,"href":"https:\/\/www.radiogaga.ro\/ro\/wp-json\/wp\/v2\/pages\/25441\/revisions\/25447"}],"wp:attachment":[{"href":"https:\/\/www.radiogaga.ro\/ro\/wp-json\/wp\/v2\/media?parent=25441"}],"curies":[{"name":"wp","href":"https:\/\/api.w.org\/{rel}","templated":true}]}}