{"id":25459,"date":"2021-04-21T14:55:34","date_gmt":"2021-04-21T11:55:34","guid":{"rendered":"https:\/\/www.radiogaga.ro\/adatvedelmi-nyilatkozat\/"},"modified":"2023-03-27T15:47:31","modified_gmt":"2023-03-27T12:47:31","slug":"adatvedelmi-nyilatkozat","status":"publish","type":"page","link":"https:\/\/www.radiogaga.ro\/ro\/adatvedelmi-nyilatkozat\/","title":{"rendered":"Politica de confiden\u021bialitate"},"content":{"rendered":"<div class=\"wpb-content-wrapper\"><p>[vc_row][vc_column icons_position=&#8221;left&#8221;][vc_column_text]<\/p>\n<h1><strong>Politica de confiden\u021bialitate \u0219i gestionarea datelor a societ\u0103\u021bii Alamo Impex 97 SRL.<\/strong><\/h1>\n<p><strong>Alamo Impex 97 Kft. <\/strong>(denumit\u0103 \u00een continuare: Editor) consider\u0103 c\u0103 este important s\u0103 se respecte \u0219i s\u0103 pun\u0103 \u00een aplicare drepturile legate de prelucrarea datelor cu caracter personal ale utilizatorilor, clien\u021bilor, abona\u021bilor \u0219i tuturor celorlalte persoane vizate. \u00cen procesul de prelucrare a datelor cu caracter personal ale persoanelor vizate, Editorul procedeaz\u0103 pe baza Regulamentului general al Uniunii Europene privind protec\u021bia datelor (protec\u021bia persoanelor cu privire la prelucrarea datelor cu caracter personal \u0219i privind libera circula\u021bie a acestor date \u0219i de abrogare a Regulamentului CE nr. 95\/46 \u201eGDPR\u201d) \u0219i a altor prevederi legale privind protec\u021bia datelor (enumerate detaliat \u00een defini\u021bii)<\/p>\n<p>Termenii utiliza\u021bi frecvent \u00een Politica de confiden\u021bialitate au urm\u0103toarele semnifica\u021bii:<\/p>\n<p><strong>prelucrarea datelor:<\/strong> efectuarea de sarcini tehnice \u0219i tehnologice legate de opera\u021biunile de gestionare a datelor, indiferent de metoda \u0219i mijloacele utilizate pentru efectuarea opera\u021biunilor \u0219i de locul \u00een care se efectueaz\u0103 opera\u021biunea;<\/p>\n<p><strong>procesator de date:<\/strong> persoana fizic\u0103 sau juridic\u0103 sau entitatea f\u0103r\u0103 personalitate juridic\u0103 care prelucreaz\u0103 datele \u00een baza unui contract \u00eencheiat cu Editor;<\/p>\n<p><strong>gestionarea datelor:<\/strong> orice opera\u021biune sau totalitatea opera\u021biunilor efectuate av\u00e2nd ca obiect datele cu caracter personal, indiferent de procedura utilizat\u0103;<\/p>\n<p><strong>operator de date:<\/strong> persoana fizic\u0103 sau juridic\u0103 sau entitatea f\u0103r\u0103 personalitate juridic\u0103 care determin\u0103 scopul prelucr\u0103rii datelor, ia \u0219i pune \u00een aplicare decizii privind prelucrarea datelor cu caracter personal (inclusiv mijloacele utilizate) sau mandateaz\u0103 operatorul de date \u00een vederea prelucr\u0103rii datelor cu caracter personal;<\/p>\n<p><strong>incident legat de protec\u021bia datelor:<\/strong> un eveniment care afecteaz\u0103 securitatea datelor cu caracter personal care are drept rezultat distrugerea accidental\u0103 sau ilegal\u0103, pierderea, modificarea, dezv\u0103luirea neautorizat\u0103 a datelor cu caracter personal sau accesul neautorizat la acestea;<\/p>\n<p><strong>date biometrice:<\/strong> orice date cu caracter personal ob\u021binute prin proceduri tehnice specifice referitoare la caracteristicile fizice, fiziologice sau comportamentale ale unei persoane fizice, care permit sau confirm\u0103 identificarea unic\u0103 a persoanei fizice (de exemplu, o imagine facial\u0103 sau o amprent\u0103 digital\u0103);<\/p>\n<p><strong>activitate marketing direct:<\/strong> totalitatea activit\u0103\u021bilor \u0219i serviciilor auxiliare efectuate prin intermediul unor anchete directe av\u00e2nd ca scop recomandarea de produse sau servicii celor viza\u021bi, transmiterea de reclame pentru promovarea afacerilor;<\/p>\n<p><strong>date privind starea de s\u0103n\u0103tate:<\/strong> date cu caracter personal privind starea de s\u0103n\u0103tate fizic\u0103 sau psihic\u0103 a unei persoane fizice, inclusiv date referitoare la serviciile de s\u0103n\u0103tate furnizate unei persoane fizice care con\u021bin informa\u021bii despre starea de s\u0103n\u0103tate a persoanei fizice;<\/p>\n<p><strong>mail direct:<\/strong> un mesaj electronic care vizeaz\u0103 promovarea v\u00e2nz\u0103rii de servicii \u0219i con\u021binuturilor disponibile pe pagina web utilizat de Editor;<\/p>\n<p><strong>persoana vizat\u0103:<\/strong> orice persoan\u0103 fizic\u0103 identificat\u0103 sau identificabil\u0103, direct sau indirect, pe baza unor date personale specifice;<\/p>\n<p><strong>autoritatea de supraveghere:<\/strong> autoritatea desemnat\u0103 pentru monitorizarea respect\u0103rii normelor de protec\u021bie a datelor cu caracter personal din legisla\u021bia relevant\u0103 a statului membru, pe baza mandatului al GDPR, \u00een Rom\u00e2nia: <a href=\"https:\/\/www.dataprotection.ro\/?page=contact&amp;lang=ro\">dataprotection.ro\/?page=contact&#038;lang=ro<\/a><\/p>\n<p><strong>date genetice:<\/strong> orice date cu caracter personal referitoare la caracteristicile genetice ale unei persoane fizice care sunt specifice fiziologiei sau st\u0103rii de s\u0103n\u0103tate a persoanei vizate \u0219i care sunt derivate \u00een principal din analiza unei probe biologice prelevate de la respectiva persoan\u0103 fizic\u0103;<\/p>\n<p><strong>\u021b\u0103ri ter\u021be:<\/strong> state \u00een afara statelor membre ale Uniunii Europene;<\/p>\n<p><strong>ter\u021bi:<\/strong> o persoan\u0103 fizic\u0103 sau juridic\u0103 sau o entitate f\u0103r\u0103 personalitate juridic\u0103 care nu este identic\u0103 cu persoana vizat\u0103, operatorul sau procesatorul de date cu caracter personal;<\/p>\n<p><strong>consim\u021b\u0103m\u00e2nt:<\/strong> declara\u021bia voluntar\u0103 \u0219i ferm\u0103 de inten\u021bie a persoanei vizate referitor la prelucrarea datelor cu caracter personal, pe baza unor informa\u021bii prealabile adecvate, prin care \u00ee\u0219i exprim\u0103 acordul s\u0103u neechivoc pentru prelucrarea datelor cu caracter personal care o vizeaz\u0103, integral sau \u00een cadrul sau \u00een cadrul anumitor opera\u021biuni;<\/p>\n<p><strong>pagina web utilizat\u0103 de Editor: <\/strong><a href=\"\/\">radiogaga.ro<\/a>, \u0219i sub-paginile disponibile, precum \u0219i toate celelalte site-uri web, \u00een ale c\u0103ror men\u021biuni legale Editorul este indicat ca proprietar \u0219i operator;<\/p>\n<p><strong>date speciale:<\/strong> date cu caracter personal care dezv\u0103luie originea rasial\u0103 sau etnic\u0103, opiniile politice, convingerile religioase sau filozofice sau apartenen\u021ba la un sindicat, precum \u0219i date genetice \u0219i biometrice pentru identificarea unic\u0103 a persoanelor fizice, datele de s\u0103n\u0103tate \u0219i datele personale referitoare la via\u021ba sexual\u0103 sau orientarea sexual\u0103 a persoanelor fizice;<\/p>\n<p><strong>marcarea datelor cu caracter personal:<\/strong> aplicarea unei m\u0103rci de identificare pentru datele cu caracter personal \u00een scopul distingerii sale;<\/p>\n<p><strong>date personale:<\/strong> date care pot fi legate de persoana vizat\u0103, \u00een special numele persoanei vizate, orice semn de identificare, un cod de identificare creat de autoritate sau de operator \u0219i cunoa\u0219terea unuia sau mai multor identit\u0103\u021bi fizice, fiziologice, mentale, economice, culturale sau sociale identit\u0103\u021bi, respectiv concluzie referitor la persoana vizat\u0103, deductibil\u0103 din date;<\/p>\n<p><strong>obiec\u021bie:<\/strong> declara\u021bia persoanei vizate exprimat\u0103 sub orice form\u0103 (de exemplu, verbal, scris sau e-mail), prin care se opune prelucr\u0103rii datelor dumneavoastr\u0103 cu caracter personal de c\u0103tre Editor \u0219i solicit\u0103 \u00eencetarea prelucr\u0103rii datelor sau \u0219tergerea datelor prelucrate;<\/p>\n<p><strong>partener:<\/strong> un antreprenor sau mandatar care are o rela\u021bie contractual\u0103 cu Editor.<\/p>\n<p>&nbsp;<\/p>\n<p><strong>Adresa po\u0219tal\u0103 a operatorului de date:<\/strong><\/p>\n<p><strong>Numele:<\/strong> Alamo Impex 97 Srl.<br \/>\n<strong>Adresa de coresponden\u021b\u0103:<\/strong> jude\u021bul Mure\u0219, 540046 T\u00e2rgu Mure\u0219, str. C\u0103l\u0103ra\u0219ilor nr. 1.<br \/>\n<strong>Nr. \u00eenreg. Reg. Com.:<\/strong> J26\/403\/1999<br \/>\n<strong>Cod fiscal:<\/strong> RO9603323<br \/>\n<strong>E-mail:<\/strong> <a href=\"mailto:office@radiogaga.ro\">office@radiogaga.ro<\/a><br \/>\n<strong>Telefon:<\/strong> <a href=\"tel:+40265250178\">0265-250178<\/a>,&nbsp;<a href=\"tel:+40365882791\">0365-882791<\/a><\/p>\n<p><strong><br \/>\nPrincipii de baz\u0103<\/strong><\/p>\n<p>Editorul prelucreaz\u0103 date cu caracter personal numai \u00een conformitate cu reglement\u0103rile Uniunii Europene \u0219i ale Rom\u00e2niei (<em>principiul legalit\u0103\u021bii<\/em>). Pune un accent deosebit pe asigurarea faptului c\u0103 prelucrarea datelor este inteligibil\u0103, transparent\u0103 (<em>principiul transparen\u021bei<\/em>) \u0219i echitabil\u0103 (<em>nu induce \u00een eroare<\/em>) at\u00e2t pentru persoana vizat\u0103, c\u00e2t \u0219i pentru Editor. Prelucreaz\u0103 datele personale ale persoanei vizate numai \u00een scopurile specificate \u00een prezenta Politic\u0103 de confiden\u021bialitate (<em>principiul limit\u0103rii scopului<\/em>). Prelucreaz\u0103 doar date cu caracter personal care sunt strict necesare \u00een scopul prelucr\u0103rii datelor \u0219i adecvate acestui scop (<em>principiul economiei de date<\/em>). Prelucreaz\u0103 date cu caracter personal numai \u00een m\u0103sura \u0219i pentru timpul strict necesar scopului prelucr\u0103rii datelor (<em>principiul stoc\u0103rii limitate<\/em>). \u00cen cursul prelucr\u0103rii datelor, asigur\u0103 acurate\u021bea, exhaustivitatea \u0219i actualitatea datelor prelucrate \u0219i timpul de stocare (<em>principiul acurate\u021bei<\/em>) prin corectarea acestora, ini\u021biat\u0103 de persoana vizat\u0103. De asemenea, se asigur\u0103 c\u0103 datele cu caracter personal pe care le prelucreaz\u0103 sunt p\u0103strate confiden\u021biale \u0219i nu este permis accesul neautorizat la acestea (<em>principiul confiden\u021bialit\u0103\u021bii<\/em>).<\/p>\n<p><strong>Prelucrarea datelor pe pagina web<\/strong><\/p>\n<p><strong>Denumirea activit\u0103\u021bii de prelucrare a datelor cu caracter personal: <\/strong>plasarea de identificatori unici (a\u0219a-numitele cookie-uri) pe dispozitive digitale externe (de exemplu: Facebook, Google) utilizate pe navigarea persoanei vizate pe pagina web de\u021binut\u0103 de Editor.<\/p>\n<p><strong>Scopul prelucr\u0103rii datelor cu caracter personal: <\/strong>asigurarea disponibilit\u0103\u021bii ascult\u0103torilor radio online \u0219i a articolelor pentru dezvoltarea \u00een continuare a serviciilor Editorului \u00een vederea satisfacerii intereselor utilizatorilor; distribuirea direct\u0103 a con\u021binutului disponibil pe site-uri web c\u0103tre utilizatori; promovarea oric\u0103ruia dintre produsele, serviciile \u0219i con\u021binutul Editorului c\u0103tre utilizatori; furnizarea serviciului de e-mail \u0219i telefonie pentru clien\u021bi: gestionarea reclama\u021biei utilizatorilor, r\u0103spunsul la comentarii; crearea de segmente de public personalizate dintre p\u0103r\u021bile vizate, care viziteaz\u0103 un site web de\u021binut de Editor, prin utilizarea remarketingului: remarketingul permite unui editor s\u0103 afi\u0219eze reclame personalizate pe site-urile web ale furnizorilor ter\u021bi (de exemplu, Google, Facebook) pentru persoanele care au vizitat anterior pagini web de\u021binute de Editor; informare asupra evenimentelor media legate de activitatea Editorului, investigarea reclama\u021biilor, solicit\u0103rilor de rectificare pres\u0103, revizuirea con\u021binutului programelor \u0219i articolelor radio pe baza opiniilor cititorilor, \u00eendeplinirea cererilor oficiale.<\/p>\n<p><strong>Temei juridic pentru gestionarea datelor:<\/strong> consim\u021b\u0103m\u00e2ntul utilizatorului pentru utilizarea cookie-urilor la tratarea reclama\u021biilor \u0219i la vizitarea paginii web.<\/p>\n<p><strong>Denumirea temeiului juridic pentru gestionarea datelor:<\/strong> GDPR art. 6. alin. (1) pct. a), b), f).<\/p>\n<p><strong>Numele, adresa operatorului de date: <\/strong><strong>Google LLC<\/strong> (600 Amphitheatre Parkway, Mountain View, CA 94043, Statele Unite ale Americii).<strong>Facebook Ireland Ltd<\/strong> (4 Grand Canal Square, Grand Canal Harbour Dublin 2, Irlanda); servicii postale si de curierat. <strong>Operator:<\/strong> Pont Systems Kft. (407025 Aiton, jude\u021bul Cluj, str. Cioltului nr. 404A).<\/p>\n<p><strong>Obiceiuri de navigare<\/strong><\/p>\n<p>Pentru a asigura un aspect optim, personalizat, dispozitivul utilizat de Utilizatori dispune de un a\u0219a-numit pute\u021bi pune un fursec. Cookie-urile permit paginii web de\u021binut\u0103 de Editor s\u0103 func\u021bioneze la un standard mai \u00eenalt \u0219i s\u0103 ofere servicii personalizate. Utilizatorul poate \u0219terge cookie-urile de pe propriul dispozitiv sau are op\u021biunea de a seta browserul s\u0103 dezactiveze utilizarea cookie-urilor. Cookie-urile sunt prezente \u00een sistemul utilizatorului pentru o perioad\u0103 nedeterminat\u0103 de timp sau p\u00e2n\u0103 c\u00e2nd utilizatorul \u0219terge cookie-urile. Pute\u021bi g\u0103si mai multe informa\u021bii despre tipurile \u0219i utilizarea cookie-urilor pe pagina noastr\u0103 web.<\/p>\n<p><strong>Durata gestion\u0103rii de date cu caracter personal:<\/strong> p\u00e2n\u0103 la retragerea consim\u021b\u0103m\u00e2ntului sau a termenului impus de legisla\u021bia \u00een vigoare.<\/p>\n<p><strong>Sursa datelor cu caracter personal:<\/strong> furnizat\u0103 de c\u0103tre utilizator, prestator extern care plaseaz\u0103 cookie-uri.<\/p>\n<p><strong>Cercul persoanelor vizate:<\/strong> persoanele vizate care viziteaz\u0103 paginile web.<\/p>\n<p><strong>Transferul datelor cu caracter personal c\u0103tre ter\u021bi<\/strong><\/p>\n<p>Datele cu caracter personal vor fi transferate de c\u0103tre Editor c\u0103tre un ter\u021b numai dac\u0103 <em>persoana vizat\u0103 \u0219i-a dat \u00een mod expres consim\u021b\u0103m\u00e2ntul <\/em>sau este permis de GDPR, lege sau alte reglement\u0103ri, \u00een urm\u0103toarele cazuri: persoana vizat\u0103 \u0219i-a dat \u00een mod expres consim\u021b\u0103m\u00e2ntul la transferul planificat; transferul este necesar pentru \u00eencheierea sau executarea unui contract \u00eentre Editor \u0219i o alt\u0103 persoan\u0103 fizic\u0103 sau juridic\u0103 \u00een interesul persoanei vizate, transferul este necesar \u00een scopuri importante de interes public, depunerea, executarea \u0219i protec\u021bia crean\u021belor \u00een justi\u021bie.(de exemplu, pentru ini\u021bierea unor proceduri judiciare sau administrative), transferul este necesar pentru protejarea interesele vitale ale persoanei vizate sau ale altei persoane, iar persoana vizat\u0103 este incapabil\u0103 fizic sau juridic s\u0103 \u00ee\u0219i dea consim\u021b\u0103m\u00e2ntul; datele transmise provin dintr-un registru destinat inform\u0103rii publicului \u00een conformitate cu dreptul Uniunii sau al statului membru \u0219i care este accesibil pentru inspec\u021bie fie publicului \u00een general, fie oric\u0103rei persoane care manifest\u0103 un interes legitim \u00een acesta, dar numai dac\u0103 este cerut de legisla\u021bia Uniunii sau a statului membru; condi\u021biile stabilite pentru inspec\u021bie sunt \u00eendeplinite \u00een cazul respectiv.<\/p>\n<p><strong>Drepturile persoanei vizate \u0219i exercitarea acestora <\/strong><\/p>\n<p>Persoana vizat\u0103 poate solicita sau ini\u021bia din partea Editorului la adresa po\u0219tal\u0103 indicat\u0103 mai sus, prin e-mail sau telefon<\/p>\n<ol>\n<li>informa\u021bii despre prelucrarea datelor sale cu caracter personal<\/li>\n<\/ol>\n<p>La solicitarea persoanei vizate, Editorul va furniza persoanei vizate informa\u021bii cu privire la datele cu caracter personal gestionate \u0219i prelucrate de c\u0103tre Editor, sursa datelor, scopul prelucr\u0103rii datelor, durata stoc\u0103rii datelor \u0219i destinatarul transferului de date.<\/p>\n<p>2. rectificarea, \u0219tergerea sau blocarea datelor cu caracter personal<\/p>\n<p>\u00cen cazul \u00een care datele cu caracter personal nu corespund realit\u0103\u021bii \u0219i datele personale corespunz\u0103toare realit\u0103\u021bii sunt disponibile Editorului, datele personale vor fi corectate de c\u0103tre Editor. \u0218tergerea datelor cu caracter personal poate fi solicitat\u0103 dac\u0103 nu este necesar\u0103 pentru exercitarea dreptului la libertatea de exprimare \u0219i informare sau dac\u0103 prelucrarea datelor cu caracter personal este autorizat\u0103 de lege \u0219i dac\u0103 nu este necesar\u0103 pentru transmiterea, executarea sau protec\u021bia unor revendic\u0103ri legale. \u00cen toate cazurile, Editorul va informa persoana vizat\u0103 cu privire la refuzul cererii de anulare, indic\u00e2nd motivul refuzului anul\u0103rii. \u00cen loc de \u0219tergere, Editorul va bloca datele cu caracter personal dac\u0103 persoana vizat\u0103 solicit\u0103 acest lucru sau dac\u0103, pe baza informa\u021biilor disponibile, se presupune c\u0103 \u0219tergerea ar prejudicia interesele legitime ale persoanei vizate. Datele cu caracter personal blocate \u00een acest mod pot fi prelucrate numai at\u00e2ta timp c\u00e2t exist\u0103 scopul prelucr\u0103rii datelor, care a \u00eempiedicat \u0219tergerea datelor cu caracter personal.<\/p>\n<p>3. transferarea datelor cu caracter personal c\u0103tre un alt operator de date<\/p>\n<p>Persoana vizat\u0103 poate ini\u021bia furnizarea de date cu caracter personal care o privesc c\u0103tre Editor \u0219i va avea dreptul ca datele s\u0103 fie transferate direct unui alt operator de date, cu condi\u021bia ca prelucrarea datelor s\u0103 fie efectuat\u0103 automat \u0219i cu acordul persoanei vizate sau pentru executarea unui contract.necesar ca persoana vizat\u0103 s\u0103 \u00eentreprind\u0103 m\u0103suri la solicitarea uneia dintre p\u0103r\u021bi sau a persoanei vizate \u00eenainte de \u00eencheierea contractului de prelucrare a datelor.<\/p>\n<p>4. restric\u021bionarea prelucr\u0103rii datelor<\/p>\n<p>Editorul restric\u021bioneaz\u0103 prelucrarea datelor cu caracter personal ale persoanei vizate \u00een cazul \u00een care persoana vizat\u0103 contest\u0103 acurate\u021bea datelor sale cu caracter personal (\u00een acest caz restric\u021bia se aplic\u0103 timpului necesar pentru verificarea exactit\u0103\u021bii datelor cu caracter personal) sau dac\u0103, \u00een cazul prelucr\u0103rii ilegale a datelor, \u00een locul \u0219tergerii datelor persoanei vizate, aceasta solicit\u0103 doar restric\u021bionarea utiliz\u0103rii acestora, sau Editorul nu mai are nevoie de datele cu caracter personal, ci solicit\u0103 Editorului s\u0103 furnizeze sau s\u0103 impun\u0103 datele \u00eempotriva prelucrarea datelor pe baza intereselor legitime ale unui ter\u021b (\u00een acest caz, restric\u021bia se aplic\u0103 at\u00e2t timp c\u00e2t se stabile\u0219te dac\u0103 interesul legitim care justific\u0103 prelucrarea are prioritate fa\u021b\u0103 de motivele legitime ale persoanei vizate;). \u00cen cazul restric\u021biilor privind prelucrarea datelor, pe l\u00e2ng\u0103 stocare datele cu caracter personal pot fi prelucrate numai cu acordul persoanei vizate sau \u00een scopul prezent\u0103rii sau execut\u0103rii drepturilor legale sau protec\u021biei drepturilor unei alte persoane fizice sau juridice. \u00cenaintea ridic\u0103rii restric\u021biei, Editorul va informa persoana care ini\u021biaz\u0103 restric\u021bia.<\/p>\n<p>5. se poate opune prelucr\u0103rii datelor cu caracter personal<\/p>\n<p>Persoana vizat\u0103 se poate opune prelucr\u0103rii datelor sale cu caracter personal dac\u0103 prelucrarea sau transferul datelor cu caracter personal este necesar exclusiv pentru protec\u021bia intereselor legitime ale Editorului sau ale unui ter\u021b, cu excep\u021bia cazului \u00een care prelucrarea este justificat\u0103 de interese legitime, care au prioritate fa\u021b\u0103 de interesele, drepturile \u0219i libert\u0103\u021bile persoanei vizates au dac\u0103 prelucrarea datelor cu caracter personal este necesar\u0103 pentru exercitarea drepturilor legale \u0219i dac\u0103 utilizarea sau transferul datelor cu caracter personal are loc \u00een scopul achizi\u021biei directe de afaceri. Persoana vizat\u0103 poate trimite astfel de solicit\u0103ri \u00een scris la adresa de e-mail a Editorului<\/p>\n<p>6. poate ini\u021bia ca procesul decizional automatizat s\u0103 nu fie aplicat \u00een cazul s\u0103u<\/p>\n<p>Persoana vizat\u0103 poate ini\u021bia excluderea \u00een cazul s\u0103u a oric\u0103rei decizii bazate exclusiv pe prelucrarea automat\u0103 a datelor (inclusiv crearea de profiluri) care ar avea un efect juridic asupra sa sau ar putea s\u0103 o afecteze \u00een mod semnificativ.<\/p>\n<p>7. \u00ee\u0219i poate retrage consim\u021b\u0103m\u00e2ntul pentru prelucrare<\/p>\n<p>\u00cen cazul \u00een care prelucrarea datelor cu caracter personal, inclusiv a datelor speciale, se bazeaz\u0103 pe consim\u021b\u0103m\u00e2ntul persoanei vizate, care \u00ee\u0219i poate retrage oric\u00e2nd consim\u021b\u0103m\u00e2ntul cu privire la prelucrarea datelor, \u00een urma c\u0103ruia Editorul nu va mai prelucra datele personale persoanei vizate. Retragerea consim\u021b\u0103m\u00e2ntului nu va afecta legalitatea prelucr\u0103rii datelor bazat\u0103 pe consim\u021b\u0103m\u00e2nt, ini\u021biat\u0103 \u00eenainte de retragere.<\/p>\n<p>Editorul este responsabil doar pentru protec\u021bia datelor cu caracter personal disponibile pe site-ul s\u0103u. Nu este responsabil pentru protec\u021bia datelor cu caracter personal disponibile pe paginile web ale partenerilor no\u0219tri.<\/p>\n<p>Dac\u0103 persoana vizat\u0103 este nemul\u021bumit\u0103 de modul \u00een care Editorul gestioneaz\u0103 datele dvs., este &nbsp;\u00eencurajat\u0103 s\u0103 ne contacteze mai \u00eent\u00e2i. Solicitarea dumneavoastr\u0103 va fi analizat\u0103 cu aten\u021bie \u00een toate cazurile.<\/p>\n<p>Dac\u0103 persoana vizat\u0103 este nemul\u021bumit\u0103 de rezultatul analizei pl\u00e2ngerii, poate contacta autoritatea de supraveghere: <a href=\"https:\/\/www.dataprotection.ro\/?page=contact&amp;lang=ro\">dataprotection.ro\/?page=contact&#038;lang=ro<\/a>.<\/p>\n<p>V\u0103 \u00eencuraj\u0103m s\u0103 vizita\u021bi aceast\u0103 pagin\u0103 \u00een mod regulat pentru a v\u0103 \u021bine la curent cu modific\u0103rile aduse politicilor noastre de confiden\u021bialitate \u0219i prelucrare a datelor.<\/p>\n<p>T\u00e2rgu Mure\u0219, 01.05.2022[\/vc_column_text][\/vc_column][\/vc_row]<\/p>\n<\/div>","protected":false},"excerpt":{"rendered":"<p>[vc_row][vc_column icons_position=&#8221;left&#8221;][vc_column_text] Politica de confiden\u021bialitate \u0219i gestionarea datelor a societ\u0103\u021bii Alamo Impex 97 SRL. Alamo Impex 97 Kft. (denumit\u0103 \u00een continuare: Editor) consider\u0103 c\u0103 este important s\u0103 se respecte \u0219i s\u0103 pun\u0103 \u00een aplicare drepturile legate de prelucrarea datelor cu caracter personal ale utilizatorilor, clien\u021bilor, abona\u021bilor \u0219i tuturor celorlalte persoane&hellip;<\/p>\n","protected":false},"author":990004,"featured_media":0,"parent":0,"menu_order":0,"comment_status":"closed","ping_status":"closed","template":"","meta":{"footnotes":""},"class_list":["post-25459","page","type-page","status-publish","hentry"],"_links":{"self":[{"href":"https:\/\/www.radiogaga.ro\/ro\/wp-json\/wp\/v2\/pages\/25459","targetHints":{"allow":["GET"]}}],"collection":[{"href":"https:\/\/www.radiogaga.ro\/ro\/wp-json\/wp\/v2\/pages"}],"about":[{"href":"https:\/\/www.radiogaga.ro\/ro\/wp-json\/wp\/v2\/types\/page"}],"author":[{"embeddable":true,"href":"https:\/\/www.radiogaga.ro\/ro\/wp-json\/wp\/v2\/users\/990004"}],"replies":[{"embeddable":true,"href":"https:\/\/www.radiogaga.ro\/ro\/wp-json\/wp\/v2\/comments?post=25459"}],"version-history":[{"count":6,"href":"https:\/\/www.radiogaga.ro\/ro\/wp-json\/wp\/v2\/pages\/25459\/revisions"}],"predecessor-version":[{"id":43063,"href":"https:\/\/www.radiogaga.ro\/ro\/wp-json\/wp\/v2\/pages\/25459\/revisions\/43063"}],"wp:attachment":[{"href":"https:\/\/www.radiogaga.ro\/ro\/wp-json\/wp\/v2\/media?parent=25459"}],"curies":[{"name":"wp","href":"https:\/\/api.w.org\/{rel}","templated":true}]}}